{"id":29025,"date":"2024-04-11T17:25:16","date_gmt":"2024-04-11T15:25:16","guid":{"rendered":"https:\/\/xn--1001crations-geb.ch\/?page_id=29025"},"modified":"2025-08-06T13:25:50","modified_gmt":"2025-08-06T11:25:50","slug":"adaptations","status":"publish","type":"page","link":"https:\/\/xn--1001crations-geb.ch\/de\/adaptations\/","title":{"rendered":"Adaptations"},"content":{"rendered":"<p>[et_pb_section fb_built=\u00a0\u00bb1&Prime; admin_label=\u00a0\u00bbHeader\u00a0\u00bb _builder_version=\u00a0\u00bb4.17.6&Prime; _module_preset=\u00a0\u00bbdefault\u00a0\u00bb background_color=\u00a0\u00bb#131218&Prime; custom_padding=\u00a0\u00bb||0px||false|false\u00a0\u00bb collapsed=\u00a0\u00bbon\u00a0\u00bb global_colors_info=\u00a0\u00bb{}\u00a0\u00bb][et_pb_row _builder_version=\u00a0\u00bb4.17.6&Prime; _module_preset=\u00a0\u00bbdefault\u00a0\u00bb global_colors_info=\u00a0\u00bb{}\u00a0\u00bb][et_pb_column type=\u00a0\u00bb4_4&Prime; _builder_version=\u00a0\u00bb4.17.6&Prime; _module_preset=\u00a0\u00bbdefault\u00a0\u00bb global_colors_info=\u00a0\u00bb{}\u00a0\u00bb][et_pb_text _builder_version=\u00a0\u00bb4.18.0&Prime; _module_preset=\u00a0\u00bbc16985e1-e0d6-4022-964d-e2bfc04fa633&Prime; header_font=\u00a0\u00bbAlike||||||||\u00a0\u00bb header_text_color=\u00a0\u00bb#FFFFFF\u00a0\u00bb header_font_size=\u00a0\u00bb110px\u00a0\u00bb header_line_height=\u00a0\u00bb1.2em\u00a0\u00bb header_font_size_tablet=\u00a0\u00bb40px\u00a0\u00bb header_font_size_phone=\u00a0\u00bb24px\u00a0\u00bb header_font_size_last_edited=\u00a0\u00bbon|desktop\u00a0\u00bb text_orientation_tablet=\u00a0\u00bbleft\u00a0\u00bb text_orientation_phone=\u00a0\u00bbleft\u00a0\u00bb text_orientation_last_edited=\u00a0\u00bboff|desktop\u00a0\u00bb global_colors_info=\u00a0\u00bb{}\u00a0\u00bb]<\/p>\n<h1>Sattelkontrolle und -anpassung<\/h1>\n<p>[\/et_pb_text][\/et_pb_column][\/et_pb_row][\/et_pb_section][et_pb_section fb_built=\u00a0\u00bb1&Prime; specialty=\u00a0\u00bbon\u00a0\u00bb padding_bottom_1=\u00a0\u00bb30px\u00a0\u00bb padding_bottom_2=\u00a0\u00bb0px\u00a0\u00bb padding_top_bottom_link_1=\u00a0\u00bbfalse\u00a0\u00bb padding_top_bottom_link_2=\u00a0\u00bbfalse\u00a0\u00bb padding_left_right_link_1=\u00a0\u00bbfalse\u00a0\u00bb padding_left_right_link_2=\u00a0\u00bbfalse\u00a0\u00bb admin_label=\u00a0\u00bbCategories\u00a0\u00bb _builder_version=\u00a0\u00bb4.18.0&Prime; _module_preset=\u00a0\u00bbdefault\u00a0\u00bb background_color=\u00a0\u00bb#131218&Prime; overflow-x=\u00a0\u00bbhidden\u00a0\u00bb overflow-y=\u00a0\u00bbhidden\u00a0\u00bb custom_padding=\u00a0\u00bb||0px||false|false\u00a0\u00bb global_colors_info=\u00a0\u00bb{}\u00a0\u00bb][et_pb_column type=\u00a0\u00bb1_4&Prime; _builder_version=\u00a0\u00bb4.16&Prime; custom_padding=\u00a0\u00bb|||\u00a0\u00bb global_colors_info=\u00a0\u00bb{}\u00a0\u00bb custom_padding__hover=\u00a0\u00bb|||\u00a0\u00bb][et_pb_image src=\u00a0\u00bbhttp:\/\/www.xn--1001crations-geb.ch\/wp-content\/uploads\/2024\/04\/western-300&#215;200.jpg\u00a0\u00bb title_text=\u00a0\u00bbwestern\u00a0\u00bb _builder_version=\u00a0\u00bb4.24.3&Prime; _module_preset=\u00a0\u00bbdefault\u00a0\u00bb global_colors_info=\u00a0\u00bb{}\u00a0\u00bb][\/et_pb_image][\/et_pb_column][et_pb_column type=\u00a0\u00bb3_4&Prime; specialty_columns=\u00a0\u00bb3&Prime; _builder_version=\u00a0\u00bb4.16&Prime; custom_padding=\u00a0\u00bb|||\u00a0\u00bb global_colors_info=\u00a0\u00bb{}\u00a0\u00bb custom_padding__hover=\u00a0\u00bb|||\u00a0\u00bb][et_pb_row_inner column_structure=\u00a0\u00bb1_2,1_2&Prime; use_custom_gutter=\u00a0\u00bbon\u00a0\u00bb gutter_width=\u00a0\u00bb1&Prime; _builder_version=\u00a0\u00bb4.24.3&Prime; _module_preset=\u00a0\u00bbdefault\u00a0\u00bb z_index=\u00a0\u00bb10&Prime; custom_padding=\u00a0\u00bb||0px||false|false\u00a0\u00bb global_colors_info=\u00a0\u00bb{}\u00a0\u00bb][et_pb_column_inner type=\u00a0\u00bb1_2&Prime; saved_specialty_column_type=\u00a0\u00bb3_4&Prime; _builder_version=\u00a0\u00bb4.18.0&Prime; _module_preset=\u00a0\u00bbdefault\u00a0\u00bb global_colors_info=\u00a0\u00bb{}\u00a0\u00bb][et_pb_text _builder_version=\u00a0\u00bb4.24.3&Prime; _module_preset=\u00a0\u00bb1f09816e-184e-4ce5-a4cf-b39c52c423ca\u00a0\u00bb text_font=\u00a0\u00bbInter||||||||\u00a0\u00bb text_text_color=\u00a0\u00bb#565559&Prime; text_font_size=\u00a0\u00bb16px\u00a0\u00bb text_line_height=\u00a0\u00bb1.8em\u00a0\u00bb link_text_color=\u00a0\u00bb#A58855&Prime; custom_margin=\u00a0\u00bb||30px||false|false\u00a0\u00bb text_font_size_tablet=\u00a0\u00bb15px\u00a0\u00bb text_font_size_phone=\u00a0\u00bb14px\u00a0\u00bb text_font_size_last_edited=\u00a0\u00bbon|phone\u00a0\u00bb header_font_size_tablet=\u00a0\u00bb55px\u00a0\u00bb header_font_size_last_edited=\u00a0\u00bboff|desktop\u00a0\u00bb global_colors_info=\u00a0\u00bb{}\u00a0\u00bb]<\/p>\n<p><span style=\"color: #ffffff;\">Ein gut angepasster Sattel optimiert den Komfort Ihres Pferdes und beugt Verletzungen vor.<\/span><\/p>\n<p><span style=\"color: #ffffff;\">Z\u00f6gern Sie nicht, uns zu kontaktieren, wenn Sie Fragen haben oder eine kostenlose Offerte w\u00fcnschen!<\/span><\/p>\n<p>[\/et_pb_text][\/et_pb_column_inner][et_pb_column_inner type=\u00a0\u00bb1_2&Prime; saved_specialty_column_type=\u00a0\u00bb3_4&Prime; _builder_version=\u00a0\u00bb4.18.0&Prime; _module_preset=\u00a0\u00bbdefault\u00a0\u00bb global_colors_info=\u00a0\u00bb{}\u00a0\u00bb][et_pb_button button_url=\u00a0\u00bbhttps:\/\/www.1001cr\u00e9ations.ch\/contact\/\u00a0\u00bb button_text=\u00a0\u00bbDemander une offre gratuite\u00a0\u00bb button_alignment=\u00a0\u00bbright\u00a0\u00bb _builder_version=\u00a0\u00bb4.25.0&Prime; _module_preset=\u00a0\u00bb3117bc07-6a8a-4679-b3bb-b6ed74b48a2f\u00a0\u00bb custom_button=\u00a0\u00bbon\u00a0\u00bb button_text_size=\u00a0\u00bb14px\u00a0\u00bb button_text_color=\u00a0\u00bb#000000&Prime; button_bg_color=\u00a0\u00bb#D9B882&Prime; button_border_width=\u00a0\u00bb0px\u00a0\u00bb button_border_radius=\u00a0\u00bb0px\u00a0\u00bb button_font=\u00a0\u00bbInter|700||on|||||\u00a0\u00bb custom_padding=\u00a0\u00bb29px|24px|29px|24px|true|true\u00a0\u00bb global_colors_info=\u00a0\u00bb{}\u00a0\u00bb][\/et_pb_button][\/et_pb_column_inner][\/et_pb_row_inner][et_pb_row_inner column_structure=\u00a0\u00bb1_2,1_2&Prime; use_custom_gutter=\u00a0\u00bbon\u00a0\u00bb gutter_width=\u00a0\u00bb1&Prime; _builder_version=\u00a0\u00bb4.18.0&Prime; _module_preset=\u00a0\u00bbdefault\u00a0\u00bb positioning=\u00a0\u00bbabsolute\u00a0\u00bb position_origin_a=\u00a0\u00bbbottom_right\u00a0\u00bb width=\u00a0\u00bb100%\u00a0\u00bb custom_padding=\u00a0\u00bb0px||0px||false|false\u00a0\u00bb global_colors_info=\u00a0\u00bb{}\u00a0\u00bb][et_pb_column_inner type=\u00a0\u00bb1_2&Prime; saved_specialty_column_type=\u00a0\u00bb3_4&Prime; _builder_version=\u00a0\u00bb4.17.6&Prime; _module_preset=\u00a0\u00bbdefault\u00a0\u00bb global_colors_info=\u00a0\u00bb{}\u00a0\u00bb][\/et_pb_column_inner][et_pb_column_inner type=\u00a0\u00bb1_2&Prime; saved_specialty_column_type=\u00a0\u00bb3_4&Prime; _builder_version=\u00a0\u00bb4.17.6&Prime; _module_preset=\u00a0\u00bbdefault\u00a0\u00bb global_colors_info=\u00a0\u00bb{}\u00a0\u00bb][\/et_pb_column_inner][\/et_pb_row_inner][\/et_pb_column][\/et_pb_section][et_pb_section fb_built=\u00a0\u00bb1&Prime; _builder_version=\u00a0\u00bb4.24.3&Prime; _module_preset=\u00a0\u00bbdefault\u00a0\u00bb custom_margin=\u00a0\u00bb||-85px|||\u00a0\u00bb global_colors_info=\u00a0\u00bb{}\u00a0\u00bb][et_pb_row _builder_version=\u00a0\u00bb4.24.3&Prime; _module_preset=\u00a0\u00bbdefault\u00a0\u00bb global_colors_info=\u00a0\u00bb{}\u00a0\u00bb][et_pb_column type=\u00a0\u00bb4_4&Prime; _builder_version=\u00a0\u00bb4.24.3&Prime; _module_preset=\u00a0\u00bbdefault\u00a0\u00bb global_colors_info=\u00a0\u00bb{}\u00a0\u00bb][et_pb_text _builder_version=\u00a0\u00bb4.25.1&Prime; _module_preset=\u00a0\u00bbdefault\u00a0\u00bb global_colors_info=\u00a0\u00bb{}\u00a0\u00bb]<\/p>\n<h2>Wir bieten 2 Optionen f\u00fcr Sattelkontrollen an.<\/h2>\n<p>[\/et_pb_text][\/et_pb_column][\/et_pb_row][\/et_pb_section][et_pb_section fb_built=\u00a0\u00bb1&Prime; admin_label=\u00a0\u00bbProducts\u00a0\u00bb _builder_version=\u00a0\u00bb4.17.6&Prime; _module_preset=\u00a0\u00bbdefault\u00a0\u00bb min_height=\u00a0\u00bb757.8px\u00a0\u00bb custom_padding=\u00a0\u00bb0px|||||\u00a0\u00bb collapsed=\u00a0\u00bbon\u00a0\u00bb global_colors_info=\u00a0\u00bb{}\u00a0\u00bb][et_pb_row column_structure=\u00a0\u00bb3_5,2_5&Prime; _builder_version=\u00a0\u00bb4.25.1&Prime; _module_preset=\u00a0\u00bbdefault\u00a0\u00bb width=\u00a0\u00bb78.8%\u00a0\u00bb min_height=\u00a0\u00bb645.5px\u00a0\u00bb custom_padding=\u00a0\u00bb||0px|||\u00a0\u00bb global_colors_info=\u00a0\u00bb{}\u00a0\u00bb][et_pb_column type=\u00a0\u00bb3_5&Prime; _builder_version=\u00a0\u00bb4.24.3&Prime; _module_preset=\u00a0\u00bbdefault\u00a0\u00bb global_colors_info=\u00a0\u00bb{}\u00a0\u00bb][et_pb_text _builder_version=\u00a0\u00bb4.25.1&Prime; _module_preset=\u00a0\u00bbdefault\u00a0\u00bb width=\u00a0\u00bb99.8%\u00a0\u00bb min_height=\u00a0\u00bb327.4px\u00a0\u00bb custom_padding=\u00a0\u00bb||0px|5px||\u00a0\u00bb global_colors_info=\u00a0\u00bb{}\u00a0\u00bb]<\/p>\n<h4><strong>Option 1: <\/strong><\/h4>\n<h4><strong>Sattelkontrolle mit dem ImpressionPad \u2013 Sie f\u00fchren die Messung selbst durch<\/strong><\/h4>\n<ul>\n<li>Sie holen ein ImpressionPad bei 1001 Cr\u00e9ations in Delsberg ab.<\/li>\n<li>Sie reiten Ihr Pferd ca. 20 Minuten in allen drei Gangarten \u2013 mit dem ImpressionPad unter dem Sattel. Auf dem Pad entsteht ein Abdruck des Sattels.<\/li>\n<li>Anschlie\u00dfend bringen Sie das Pad zur\u00fcck in die Sattlerei, wo wir das Ergebnis gemeinsam auswerten.<\/li>\n<li>Situationsanalyse: Muss etwas ver\u00e4ndert werden? Falls ja \u2013 ist eine Anpassung des Sattels sinnvoll (L\u00f6sung A) oder eher die Anfertigung eines korrekturpads aus Filz (L\u00f6sung B)?<\/li>\n<\/ul>\n<p data-start=\"617\" data-end=\"636\">Preis: 50.- CHF<\/p>\n<p>[\/et_pb_text][et_pb_image src=\u00a0\u00bbhttps:\/\/xn--1001crations-geb.ch\/wp-content\/uploads\/2024\/04\/Selle_rouge.png\u00a0\u00bb title_text=\u00a0\u00bbSelle_rouge\u00a0\u00bb _builder_version=\u00a0\u00bb4.25.1&Prime; _module_preset=\u00a0\u00bbdefault\u00a0\u00bb min_height=\u00a0\u00bb201px\u00a0\u00bb global_colors_info=\u00a0\u00bb{}\u00a0\u00bb][\/et_pb_image][\/et_pb_column][et_pb_column type=\u00a0\u00bb2_5&Prime; _builder_version=\u00a0\u00bb4.24.3&Prime; _module_preset=\u00a0\u00bbdefault\u00a0\u00bb global_colors_info=\u00a0\u00bb{}\u00a0\u00bb][et_pb_text _builder_version=\u00a0\u00bb4.25.1&Prime; _module_preset=\u00a0\u00bbdefault\u00a0\u00bb global_colors_info=\u00a0\u00bb{}\u00a0\u00bb]<\/p>\n<p data-start=\"617\" data-end=\"636\"><strong style=\"color: #333333; font-size: 18px;\">Option 2: <\/strong><\/p>\n<p data-start=\"617\" data-end=\"636\"><strong style=\"color: #333333; font-size: 18px;\">Umfassende Sattelkontrolle durch Ursula<\/strong><strong data-start=\"617\" data-end=\"636\"><\/strong><\/p>\n<ul>\n<li data-start=\"677\" data-end=\"731\">Ursula kommt direkt in Ihren Stall.<\/li>\n<li data-start=\"677\" data-end=\"731\">Zuerst beobachtet und filmt sie den R\u00fccken sowie die Gangarten Ihres Pferdes im Stand und in Bewegung (Schritt und Trab).<\/li>\n<li data-start=\"677\" data-end=\"731\">Ursula \u00fcberpr\u00fcft die Sattellage im Stand, ohne Satteldecke.<\/li>\n<li data-start=\"677\" data-end=\"731\">Anschlie\u00dfend reiten Sie Ihr Pferd etwa 20 Minuten in allen Gangarten mit dem ImpressionPad unter dem Sattel. W\u00e4hrenddessen beobachtet und filmt Ursula die Bewegungsabl\u00e4ufe des Pferdes unter dem Reiter.<\/li>\n<li data-start=\"677\" data-end=\"731\">Danach analysieren wir die Druckverteilung auf dem Pad und ziehen Bilanz: Muss etwas angepasst werden? Wenn ja, ist eine Sattelanpassung (L\u00f6sung A) oder die Anfertigung eines Korrekturpads aus Filz (L\u00f6sung B) sinnvoller?\u00a0<\/li>\n<\/ul>\n<p data-start=\"1128\" data-end=\"1228\">Dauer: 60 bis 80 Minuten<br data-start=\"1155\" data-end=\"1158\" \/>Preis: 130.- CHF<br data-start=\"1178\" data-end=\"1181\" \/>(80.- CHF f\u00fcr jeden weiteren Sattel)<\/p>\n<p data-start=\"1128\" data-end=\"1228\"><strong>Fahrkosten: <\/strong>nur eine einfache Fahrt ab Delsberg wird mit 1.- CHF pro Km verrechnet.<\/p>\n<p>[\/et_pb_text][\/et_pb_column][\/et_pb_row][et_pb_row column_structure=\u00a0\u00bb3_5,2_5&Prime; _builder_version=\u00a0\u00bb4.25.1&Prime; _module_preset=\u00a0\u00bbdefault\u00a0\u00bb width=\u00a0\u00bb78.8%\u00a0\u00bb min_height=\u00a0\u00bb645.5px\u00a0\u00bb custom_padding=\u00a0\u00bb||0px|||\u00a0\u00bb global_colors_info=\u00a0\u00bb{}\u00a0\u00bb][et_pb_column type=\u00a0\u00bb3_5&Prime; _builder_version=\u00a0\u00bb4.24.3&Prime; _module_preset=\u00a0\u00bbdefault\u00a0\u00bb global_colors_info=\u00a0\u00bb{}\u00a0\u00bb][et_pb_text _builder_version=\u00a0\u00bb4.25.1&Prime; _module_preset=\u00a0\u00bbdefault\u00a0\u00bb width=\u00a0\u00bb99.8%\u00a0\u00bb min_height=\u00a0\u00bb561.4px\u00a0\u00bb custom_padding=\u00a0\u00bb|||5px||\u00a0\u00bb global_colors_info=\u00a0\u00bb{}\u00a0\u00bb]<\/p>\n<h2>F\u00fcr die Sattelanpassung bieten wir 2 L\u00f6sungen an:<\/h2>\n<p>&nbsp;<\/p>\n<h4><strong>L\u00f6sung A: Anpassung durch Aufpolstern der Sattelkissen<\/strong><\/h4>\n<p data-start=\"168\" data-end=\"333\">Wenn die Anpassung direkt vor Ort m\u00f6glich ist, f\u00fchren wir sie gleich durch. Ist dies nicht machbar, nehmen wir den Sattel mit in die Werkstatt.<\/p>\n<p data-start=\"335\" data-end=\"409\">Preis: zwischen 150.- und 350.- CHF<br data-start=\"370\" data-end=\"373\" \/>(je nach Aufwand)<\/p>\n<p data-start=\"335\" data-end=\"409\">\n<h4 data-start=\"335\" data-end=\"409\"><strong><\/strong><\/h4>\n<h4 data-start=\"335\" data-end=\"409\"><strong><\/strong><\/h4>\n<h4 data-start=\"335\" data-end=\"409\"><strong>L\u00f6sung B: Anfertigung eines korrekturpads aus Filz<\/strong><\/h4>\n<p data-start=\"462\" data-end=\"688\">Manchmal l\u00e4sst sich ein Sattel aus verschiedenen Gr\u00fcnden nicht wie gew\u00fcnscht ver\u00e4ndern. In solchen F\u00e4llen fertigen wir ein massgeschneidertes Korrekturpad aus Filz an \u2013 auf Basis des Druckbildes auf dem ImpressionPad.<\/p>\n<p data-start=\"690\" data-end=\"871\">Diese L\u00f6sung ist auch ideal, wenn ein Sattel f\u00fcr mehrere Pferde verwendet wird: Jedes Pferd erh\u00e4lt dann ein eigenes, an seine Morphologie angepasstes Pad.<\/p>\n<p data-start=\"873\" data-end=\"901\">Preis: 240.- CHF pro Pad<\/p>\n<h4><strong><\/strong><\/h4>\n<h4><strong><\/strong><\/h4>\n<h4><strong><\/strong><\/h4>\n<h4><strong>Nachkontrolle<\/strong><\/h4>\n<p>Wir \u00fcberlassen Ihnen die \u00dcberpr\u00fcfung der angepassten Sattellage mit dem ImpressionPad, um zu sehen, ob kleine Nachbesserungen n\u00f6tig sind oder nicht.<strong><\/strong><\/p>\n<p>Preis f\u00fcr die Nachkontrolle und allf\u00e4llige Nachbesserungen: kostenlos<\/p>\n<p>[\/et_pb_text][\/et_pb_column][et_pb_column type=\u00a0\u00bb2_5&Prime; _builder_version=\u00a0\u00bb4.24.3&Prime; _module_preset=\u00a0\u00bbdefault\u00a0\u00bb global_colors_info=\u00a0\u00bb{}\u00a0\u00bb][et_pb_image src=\u00a0\u00bbhttps:\/\/xn--1001crations-geb.ch\/wp-content\/uploads\/2025\/07\/PXL_20250720_135225369-1-scaled.jpg\u00a0\u00bb title_text=\u00a0\u00bbPXL_20250720_135225369&Prime; _builder_version=\u00a0\u00bb4.25.1&Prime; _module_preset=\u00a0\u00bbdefault\u00a0\u00bb custom_margin=\u00a0\u00bb||-15px|||\u00a0\u00bb custom_padding=\u00a0\u00bb||12px|4px||\u00a0\u00bb hover_enabled=\u00a0\u00bb0&Prime; global_colors_info=\u00a0\u00bb{}\u00a0\u00bb disabled_on=\u00a0\u00bbon|off|off\u00a0\u00bb sticky_enabled=\u00a0\u00bb0&Prime;][\/et_pb_image][\/et_pb_column][\/et_pb_row][\/et_pb_section]<\/p>","protected":false},"excerpt":{"rendered":"<p>Contr\u00f4les et adaptations de sellesUne selle bien ajust\u00e9e permet d&rsquo;assurer le confort de votre cheval et d&rsquo;\u00e9viter les blessures. N&rsquo;h\u00e9sitez pas \u00e0 nous contacter si vous avez des questions ou souhaitez une offre!Nous vous proposons 2 options pour les contr\u00f4les de selles:Option1: Contr\u00f4lez vous-m\u00eame votre selle avec le \u00ab\u00a0ImpressionPad\u00a0\u00bb Vous venez chercher un ImpressionPad \u00e0 [&hellip;]<\/p>","protected":false},"author":1,"featured_media":0,"parent":0,"menu_order":0,"comment_status":"closed","ping_status":"closed","template":"","meta":{"_et_pb_use_builder":"on","_et_pb_old_content":"","_et_gb_content_width":"","footnotes":""},"class_list":["post-29025","page","type-page","status-publish","hentry"],"_links":{"self":[{"href":"https:\/\/xn--1001crations-geb.ch\/de\/wp-json\/wp\/v2\/pages\/29025","targetHints":{"allow":["GET"]}}],"collection":[{"href":"https:\/\/xn--1001crations-geb.ch\/de\/wp-json\/wp\/v2\/pages"}],"about":[{"href":"https:\/\/xn--1001crations-geb.ch\/de\/wp-json\/wp\/v2\/types\/page"}],"author":[{"embeddable":true,"href":"https:\/\/xn--1001crations-geb.ch\/de\/wp-json\/wp\/v2\/users\/1"}],"replies":[{"embeddable":true,"href":"https:\/\/xn--1001crations-geb.ch\/de\/wp-json\/wp\/v2\/comments?post=29025"}],"version-history":[{"count":30,"href":"https:\/\/xn--1001crations-geb.ch\/de\/wp-json\/wp\/v2\/pages\/29025\/revisions"}],"predecessor-version":[{"id":30213,"href":"https:\/\/xn--1001crations-geb.ch\/de\/wp-json\/wp\/v2\/pages\/29025\/revisions\/30213"}],"wp:attachment":[{"href":"https:\/\/xn--1001crations-geb.ch\/de\/wp-json\/wp\/v2\/media?parent=29025"}],"curies":[{"name":"wp","href":"https:\/\/api.w.org\/{rel}","templated":true}]}}